{"id":1193,"date":"2018-08-21T20:06:05","date_gmt":"2018-08-21T20:06:05","guid":{"rendered":"http:\/\/trawoeger.net\/sicherheit\/"},"modified":"2020-10-29T06:05:07","modified_gmt":"2020-10-29T06:05:07","slug":"sicherheit","status":"publish","type":"page","link":"https:\/\/trawoeger.net\/cs\/sicherheit\/","title":{"rendered":"BEZPE\u010cNOST"},"content":{"rendered":"<div class=\"header-img small-img\" style=\"background-image: url('\/wp-content\/themes\/trawoeger\/images\/content\/Sicherheit\/sicherheit_header_2000px.jpg');\"><img decoding=\"async\" src=\"\/wp-content\/themes\/trawoeger\/images\/content\/Sicherheit\/sicherheit_header_2000px.jpg\" alt=\"TRAW\u00d6GER TRANSPORT GMBH\" \/><\/div>\r\n<div class=\"box-width\">\r\n<div class=\"three-box-part verantwortung\">\r\n<div class=\"container\">\r\n<div class=\"row row-eq-height\">\r\n<div class=\"col-md-6 outer-box\">\r\n<div class=\"col-md-6 in-box redbg animated-color-bg\">\r\n<h2 class=\"wow fadeInLeft\" data-wow-delay=\"0.5s\" data-wow-duration=\"0.5s\">Sicherheit braucht<br \/>\r\nKonsequenz in allen Details.<\/h2>\r\n<\/div>\r\n<div class=\"col-md-6 in-box imgbg1\">\r\n<p class=\"wow fadeInLeft\" data-wow-delay=\"0.6s\" data-wow-duration=\"0.5s\">\u201eAktuelle politische Entwicklungen wie die unkontrollierte und illegale Immigration nach Europa beeintr\u00e4chtigen die Sicherheit der Transportwege und erschweren in der Folge die Termintreue. \u00dcberf\u00e4lle und Diebst\u00e4hle sind ebenso ein Faktor wie das Thema Menschenschmuggel. Diesen zunehmenden Herausforderungen begegnen wir bei Traw\u00f6ger mit der konsequenten Umsetzung entsprechender Ma\u00dfnahmen!\u201c<\/p>\r\n<\/div>\r\n<\/div>\r\n<div class=\"col-md-6 outer-box textpart \">\r\n<div id=\"verantwortung-slider\" class=\"liquid-slider\">\r\n<div>\r\n<div class=\"title slider-liquid\">Secure<br \/>\r\nRoutenplanung\r\n\r\n<div class=\"line-top\">\u00a0<\/div>\r\n<\/div>\r\n<div class=\"slider-wrap\">\r\n<h2>Secure-Routenplanung<\/h2>\r\n<p>Unsere Routen werden auf Kundenwunsch so geplant, dass insbesondere beim Transport sensibler Waren die vorgeschriebenen Ruhezeiten auf speziell gesicherten und gesch\u00fctzten Parkpl\u00e4tzen verbracht werden. Selbst auftretende Verz\u00f6gerungen beim Abladen an der Zieldestination k\u00f6nnen in diesen Sicherheitszonen abgewartet werden. Weil der Schutz Ihrer Ladung f\u00fcr uns oberste Priorit\u00e4t hat.<\/p>\r\n<\/div>\r\n<\/div>\r\n<div>\r\n<div class=\"title slider-liquid\">\r\n<p>Fahrerschulungen<\/p>\r\n<div class=\"line-top\">\u00a0<\/div>\r\n<\/div>\r\n<div class=\"slider-wrap\">\r\n<h2>Fahrerschulungen<\/h2>\r\n<p>Traw\u00f6ger Fahrer absolvieren regelm\u00e4\u00dfige Ausbildungen zum Thema Sicherheit. Besonders im Zusammenhang mit der aktuellen Schlepperkriminalit\u00e4t wird das Erkennen gef\u00e4hrlicher Hotspots trainiert, um blinde Passagiere und die damit verbundenen Gefahren zu verhindern (insbesondere massive Transportverz\u00f6gerungen bei einem Zwischenfall). Zus\u00e4tzlich warnen sogenannte Geofences (Gebiete, die der Disponent im System als gef\u00e4hrlich markiert) unser Team, wenn ein Fahrer trotz Anweisung unbedacht diese Areale bef\u00e4hrt.<\/p>\r\n<\/div>\r\n<\/div>\r\n<div>\r\n<div class=\"title slider-liquid\">\r\n<p>Internationale<br \/>\r\nQS-Standards<\/p>\r\n<div class=\"line-top\">\u00a0<\/div>\r\n<\/div>\r\n<div class=\"slider-wrap\">\r\n<h2>Internationale<br \/>\r\nQS-Standards<\/h2>\r\n<p>Bei Traw\u00f6ger tun wir alles, um unsere Kunden bestm\u00f6glich zu sch\u00fctzen. Langj\u00e4hrige Zusammenarbeit mit den unterschiedlichsten nationalen Beh\u00f6rden und die Anwendung internationaler Qualit\u00e4tssicherungssysteme (TAPA, PACT ) garantieren beste Rahmenbedingungen f\u00fcr Ihren Transportauftrag!<\/p>\r\n<\/div>\r\n<\/div>\r\n<div>\r\n<div class=\"title slider-liquid\">\r\n<p>Auftragsspezifische<br \/>\r\nLeistungskonzepte<\/p>\r\n<div class=\"line-top\">\u00a0<\/div>\r\n<\/div>\r\n<div class=\"slider-wrap\">\r\n<h2>Auftragsspezifische<br \/>\r\nLeistungskonzepte<\/h2>\r\n<p>Besondere Voraussetzungen verlangen spezifische L\u00f6sungen, so zum Beispiel auf den Britischen Inseln: Schwierige Stra\u00dfen- und Verkehrsverh\u00e4ltnisse in den Ballungszentren und Gro\u00dfst\u00e4dten erfordern bei der Belieferung von Baustellen mit sperrigen G\u00fctern eine spezielle Ausr\u00fcstung unserer Fahrzeuge bzw. Schulungen unserer Fahrer. Diese Ma\u00dfnahmen erfolgen nach den FORS Kriterien (Fleet Operator Recognition Scheme), die wir als eines der ersten kontinentaleurop\u00e4ischen Logistikunternehmen mit Silber-Zertifizierung erf\u00fcllen!<\/p>\r\n<\/div>\r\n<\/div>\r\n<\/div>\r\n<\/div>\r\n<\/div>\r\n<\/div>\r\n<\/div>\r\n<\/div>","protected":false},"excerpt":{"rendered":"Sicherheit braucht Konsequenz in allen Details. \u201eAktuelle politische Entwicklungen wie die unkontrollierte und illegale Immigration nach Europa beeintr\u00e4chtigen die Sicherheit der Transportwege und erschweren in der Folge die Termintreue. \u00dcberf\u00e4lle und Diebst\u00e4hle sind ebenso ein Faktor wie das Thema Menschenschmuggel. Diesen zunehmenden Herausforderungen begegnen wir bei Traw\u00f6ger mit der konsequenten Umsetzung entsprechender Ma\u00dfnahmen!\u201c Secure Routenplanung [&hellip;]","protected":false},"author":1,"featured_media":0,"parent":0,"menu_order":0,"comment_status":"closed","ping_status":"closed","template":"","meta":{"_acf_changed":false,"footnotes":""},"class_list":["post-1193","page","type-page","status-publish","hentry"],"acf":[],"_links":{"self":[{"href":"https:\/\/trawoeger.net\/cs\/wp-json\/wp\/v2\/pages\/1193","targetHints":{"allow":["GET"]}}],"collection":[{"href":"https:\/\/trawoeger.net\/cs\/wp-json\/wp\/v2\/pages"}],"about":[{"href":"https:\/\/trawoeger.net\/cs\/wp-json\/wp\/v2\/types\/page"}],"author":[{"embeddable":true,"href":"https:\/\/trawoeger.net\/cs\/wp-json\/wp\/v2\/users\/1"}],"replies":[{"embeddable":true,"href":"https:\/\/trawoeger.net\/cs\/wp-json\/wp\/v2\/comments?post=1193"}],"version-history":[{"count":2,"href":"https:\/\/trawoeger.net\/cs\/wp-json\/wp\/v2\/pages\/1193\/revisions"}],"predecessor-version":[{"id":1195,"href":"https:\/\/trawoeger.net\/cs\/wp-json\/wp\/v2\/pages\/1193\/revisions\/1195"}],"wp:attachment":[{"href":"https:\/\/trawoeger.net\/cs\/wp-json\/wp\/v2\/media?parent=1193"}],"curies":[{"name":"wp","href":"https:\/\/api.w.org\/{rel}","templated":true}]}}