{"id":1200,"date":"2018-08-21T20:16:49","date_gmt":"2018-08-21T20:16:49","guid":{"rendered":"http:\/\/trawoeger.net\/leistungen\/"},"modified":"2020-10-29T06:08:57","modified_gmt":"2020-10-29T06:08:57","slug":"leistungen","status":"publish","type":"page","link":"https:\/\/trawoeger.net\/cs\/leistungen\/","title":{"rendered":"SLU\u017dBY"},"content":{"rendered":"<div class=\"header-img small-img\" style=\"background-image: url('\/wp-content\/themes\/trawoeger\/images\/content\/Leistungen\/leistungen_header_2000px.jpg');\"><img decoding=\"async\" src=\"\/wp-content\/themes\/trawoeger\/images\/content\/Leistungen\/leistungen_header_2000px.jpg\" alt=\"TRAW\u00d6GER TRANSPORT GMBH\" \/><\/div>\r\n<div class=\"box-width\">\r\n<div class=\"three-box-part verantwortung leistungenn\">\r\n<div class=\"container\">\r\n<div class=\"row row-eq-height\">\r\n<div class=\"col-md-6 outer-box\">\r\n<div class=\"col-md-6 in-box redbg animated-color-bg\">\r\n<h2 class=\"wow fadeInLeft\" data-wow-delay=\"0.5s\" data-wow-duration=\"0.5s\">F\u00fcr jede Anforderung die<br \/>\r\npassende L\u00f6sung.<\/h2>\r\n<\/div>\r\n<div class=\"col-md-6 in-box imgbg1\">\r\n<p class=\"wow fadeInLeft\" data-wow-delay=\"0.6s\" data-wow-duration=\"0.5s\">\u201eHohe Dynamik beim Transport zeichnet Traw\u00f6ger aus. Als Partner unserer Kunden entwickeln wir eine Infrastruktur f\u00fcr Hochleistungs-Logistik, um den wachsenden Herausforderungen im t\u00e4glichen G\u00fcterverkehr mit zuverl\u00e4ssigen Antworten zu begegnen.\u201c<\/p>\r\n<\/div>\r\n<\/div>\r\n<div class=\"col-md-6 outer-box textpart \">\r\n<div id=\"verantwortung-slider\" class=\"liquid-slider\">\r\n<div>\r\n<div class=\"title slider-liquid\">Intelligente<br \/>\r\nExpressplanung\r\n\r\n<div class=\"line-top\">\u00a0<\/div>\r\n<\/div>\r\n<div class=\"slider-wrap\">\r\n<h2>Intelligente Expressplanung<\/h2>\r\n<p>\u00dcber 500 eigene LKWs sind tagt\u00e4glich in unserem Kernmarkt unterwegs. Dar\u00fcber hinaus fahren zahlreiche Fr\u00e4chter f\u00fcr Traw\u00f6ger. Diese Routendichte erm\u00f6glicht Expresstransporte: Hierzu werden an den Routen-Schnittpunkten unter Ber\u00fccksichtigung der jeweiligen Arbeits- und Ruhezeiten der Fahrer Trailer so umgeh\u00e4ngt, dass Expresssendungen wie eine Staffel \u00fcbergeben und unter Einhaltung aller Vorschriften schneller ans Ziel kommen.<\/p>\r\n<\/div>\r\n<\/div>\r\n<div>\r\n<div class=\"title slider-liquid\">Hohe Ressourcen-<br \/>\r\nverf\u00fcgbarkeit\r\n\r\n<div class=\"line-top\">\u00a0<\/div>\r\n<\/div>\r\n<div class=\"slider-wrap\">\r\n<h2>Hohe Ressourcenverf\u00fcgbarkeit<\/h2>\r\n<p>Das schnelllebige, moderne Wirtschaftsleben erfordert Flexibilit\u00e4t: Die kurzfristige Verf\u00fcgbarkeit von Transportressourcen ist eine besondere St\u00e4rke von Traw\u00f6ger. Erm\u00f6glicht wird das durch den leistungsstark dimensionierten eigenen Fuhrpark.<\/p>\r\n<\/div>\r\n<\/div>\r\n<div>\r\n<div class=\"title slider-liquid\">\u00d6konomische<br \/>\r\nKommissionslagerung\r\n\r\n<div class=\"line-top\">\u00a0<\/div>\r\n<\/div>\r\n<div class=\"slider-wrap\">\r\n<h2>\u00d6konomische<br \/>\r\nKommissionslagerung<\/h2>\r\n<p>In Ried im Traunkreis verf\u00fcgt Traw\u00f6ger \u00fcber ausreichende Lagerkapazit\u00e4ten, um Teilladungen zu kommissionieren und als Gesamtladung auf einer \u00f6konomisch optimierten Route zu versenden.<\/p>\r\n<\/div>\r\n<\/div>\r\n<\/div>\r\n<\/div>\r\n<\/div>\r\n<\/div>\r\n<\/div>\r\n<\/div>","protected":false},"excerpt":{"rendered":"F\u00fcr jede Anforderung die passende L\u00f6sung. \u201eHohe Dynamik beim Transport zeichnet Traw\u00f6ger aus. Als Partner unserer Kunden entwickeln wir eine Infrastruktur f\u00fcr Hochleistungs-Logistik, um den wachsenden Herausforderungen im t\u00e4glichen G\u00fcterverkehr mit zuverl\u00e4ssigen Antworten zu begegnen.\u201c Intelligente Expressplanung \u00a0 Intelligente Expressplanung \u00dcber 500 eigene LKWs sind tagt\u00e4glich in unserem Kernmarkt unterwegs. Dar\u00fcber hinaus fahren zahlreiche Fr\u00e4chter [&hellip;]","protected":false},"author":1,"featured_media":0,"parent":0,"menu_order":0,"comment_status":"closed","ping_status":"closed","template":"","meta":{"_acf_changed":false,"footnotes":""},"class_list":["post-1200","page","type-page","status-publish","hentry"],"acf":[],"_links":{"self":[{"href":"https:\/\/trawoeger.net\/cs\/wp-json\/wp\/v2\/pages\/1200","targetHints":{"allow":["GET"]}}],"collection":[{"href":"https:\/\/trawoeger.net\/cs\/wp-json\/wp\/v2\/pages"}],"about":[{"href":"https:\/\/trawoeger.net\/cs\/wp-json\/wp\/v2\/types\/page"}],"author":[{"embeddable":true,"href":"https:\/\/trawoeger.net\/cs\/wp-json\/wp\/v2\/users\/1"}],"replies":[{"embeddable":true,"href":"https:\/\/trawoeger.net\/cs\/wp-json\/wp\/v2\/comments?post=1200"}],"version-history":[{"count":2,"href":"https:\/\/trawoeger.net\/cs\/wp-json\/wp\/v2\/pages\/1200\/revisions"}],"predecessor-version":[{"id":1202,"href":"https:\/\/trawoeger.net\/cs\/wp-json\/wp\/v2\/pages\/1200\/revisions\/1202"}],"wp:attachment":[{"href":"https:\/\/trawoeger.net\/cs\/wp-json\/wp\/v2\/media?parent=1200"}],"curies":[{"name":"wp","href":"https:\/\/api.w.org\/{rel}","templated":true}]}}