{"id":981,"date":"2018-08-22T05:27:28","date_gmt":"2018-08-22T05:27:28","guid":{"rendered":"http:\/\/trawoeger.net\/kundennahe\/"},"modified":"2020-10-29T02:41:36","modified_gmt":"2020-10-29T02:41:36","slug":"kundennahe","status":"publish","type":"page","link":"https:\/\/trawoeger.net\/en\/kundennahe\/","title":{"rendered":"CUSTOMER"},"content":{"rendered":"<div class=\"header-img small-img\" style=\"background-image: url('\/wp-content\/themes\/trawoeger\/images\/content\/Kundennahe\/kundenaehe_header_2000px_.jpg');\"><img decoding=\"async\" src=\"\/wp-content\/themes\/trawoeger\/images\/content\/Kundennahe\/kundenaehe_header_2000px_.jpg\" alt=\"TRAW\u00d6GER TRANSPORT GMBH\" \/><\/div>\r\n<div class=\"box-width\">\r\n<div class=\"three-box-part unternehmen kunden\">\r\n<div class=\"container\">\r\n<div class=\"row row-eq-height\">\r\n<div class=\"col-md-6 outer-box\">\r\n<div class=\"col-md-6 in-box redbg animated-color-bg\">\r\n<h2 class=\"wow fadeInLeft\" data-wow-delay=\"0.5s\" data-wow-duration=\"0.5s\">Wir entwickeln L\u00f6sungen<br \/>\r\naus Kundensicht.<\/h2>\r\n<\/div>\r\n<div class=\"col-md-6 in-box imgbg1\">\r\n<p class=\"wow fadeInLeft\" data-wow-delay=\"0.6s\" data-wow-duration=\"0.5s\">\u201eDie schnelle Verf\u00fcgbarkeit von Transportressourcen und die intelligente Vernetzung von Lieferrouten machen Unm\u00f6gliches m\u00f6glich. Der Zugriff auf Transport- und Fahrzeugdaten in Echtzeit erm\u00f6glicht die laufende Kontrolle und Abstimmung.\u201c<\/p>\r\n<\/div>\r\n<\/div>\r\n<div class=\"col-md-6 outer-box kunden textpart \">\r\n<h2>Aktive Informationspolitik<\/h2>\r\n<p>Wir werden marktweit f\u00fcr unsere Kundenorientierung in allen Details gesch\u00e4tzt. Unsere Disponenten agieren proaktiv und liefern Ihnen genau jene Informationen, die f\u00fcr Sie wirklich relevant sind. Zus\u00e4tzlich haben Sie bei Bedarf \u00fcber unsere Tracking-Systeme jederzeit Zugriff auf alle Echtzeitdaten Ihrer beauftragten Transporte.<\/p>\r\n<h2>Abrechnungssicherheit<\/h2>\r\n<p>Kostenkontrolle ist im modernen Wirtschaftsleben ein wesentlicher Faktor. Die Dauer des Rechnungslaufes spielt hierbei eine entscheidende Rolle. Vom Lieferschein an der Zieldestination bis zur Verrechnung hat Traw\u00f6ger daher einen digitalen Workflow installiert, um die Kosten\u00fcbersicht zu unterst\u00fctzen.<\/p>\r\n<\/div>\r\n<\/div>\r\n<\/div>\r\n<\/div>\r\n<\/div>","protected":false},"excerpt":{"rendered":"Wir entwickeln L\u00f6sungen aus Kundensicht. \u201eDie schnelle Verf\u00fcgbarkeit von Transportressourcen und die intelligente Vernetzung von Lieferrouten machen Unm\u00f6gliches m\u00f6glich. Der Zugriff auf Transport- und Fahrzeugdaten in Echtzeit erm\u00f6glicht die laufende Kontrolle und Abstimmung.\u201c Aktive Informationspolitik Wir werden marktweit f\u00fcr unsere Kundenorientierung in allen Details gesch\u00e4tzt. Unsere Disponenten agieren proaktiv und liefern Ihnen genau jene Informationen, [&hellip;]","protected":false},"author":1,"featured_media":0,"parent":0,"menu_order":0,"comment_status":"closed","ping_status":"closed","template":"","meta":{"_acf_changed":false,"footnotes":""},"class_list":["post-981","page","type-page","status-publish","hentry"],"acf":[],"_links":{"self":[{"href":"https:\/\/trawoeger.net\/en\/wp-json\/wp\/v2\/pages\/981","targetHints":{"allow":["GET"]}}],"collection":[{"href":"https:\/\/trawoeger.net\/en\/wp-json\/wp\/v2\/pages"}],"about":[{"href":"https:\/\/trawoeger.net\/en\/wp-json\/wp\/v2\/types\/page"}],"author":[{"embeddable":true,"href":"https:\/\/trawoeger.net\/en\/wp-json\/wp\/v2\/users\/1"}],"replies":[{"embeddable":true,"href":"https:\/\/trawoeger.net\/en\/wp-json\/wp\/v2\/comments?post=981"}],"version-history":[{"count":2,"href":"https:\/\/trawoeger.net\/en\/wp-json\/wp\/v2\/pages\/981\/revisions"}],"predecessor-version":[{"id":1025,"href":"https:\/\/trawoeger.net\/en\/wp-json\/wp\/v2\/pages\/981\/revisions\/1025"}],"wp:attachment":[{"href":"https:\/\/trawoeger.net\/en\/wp-json\/wp\/v2\/media?parent=981"}],"curies":[{"name":"wp","href":"https:\/\/api.w.org\/{rel}","templated":true}]}}