{"id":1315,"date":"2018-08-22T11:49:23","date_gmt":"2018-08-22T11:49:23","guid":{"rendered":"http:\/\/trawoeger.net\/story\/"},"modified":"2022-01-12T08:34:52","modified_gmt":"2022-01-12T08:34:52","slug":"story","status":"publish","type":"page","link":"https:\/\/trawoeger.net\/hu\/story\/","title":{"rendered":"T\u00d6RT\u00c9NET"},"content":{"rendered":"<div class=\"header-img small-img\" style=\"background-image: url('\/wp-content\/themes\/trawoeger\/images\/content\/Story\/story_header_2000px.jpg');\"><img decoding=\"async\" src=\"\/wp-content\/themes\/trawoeger\/images\/content\/Story\/story_header_2000px.jpg\" alt=\"TRAW\u00d6GER TRANSPORT GMBH\" \/><\/div>\r\n<div class=\"box-width\">\r\n<div class=\"three-box-part unternehmen downloads story\">\r\n<div class=\"container\">\r\n<div class=\"row row-eq-height\">\r\n<div class=\"col-md-6 outer-box\">\r\n<div class=\"col-md-6 in-box redbg animated-color-bg\">\r\n<h2 class=\"wow fadeInLeft\" data-wow-delay=\"0.5s\" data-wow-duration=\"0.5s\">Erfolgreich seit 1974.<\/h2>\r\n<\/div>\r\n<div class=\"col-md-6 in-box imgbg1\">\u00a0<\/div>\r\n<div class=\"col-md-6 in-box imgbg2\">\u00a0<\/div>\r\n<\/div>\r\n<div class=\"col-md-6 outer-box textpart \">\r\n<p>Urspr\u00fcnglich als Franz Spielvogel GmbH in Wels mit Fokus auf Schwer- und Sondertransporte in den Nahen Osten gegr\u00fcndet, \u00fcbernahm der jetzige Eigent\u00fcmer bis 1994 schrittweise alle Firmenanteile und benannte die Firma um in Traw\u00f6ger Transport Gesellschaft m.b.H.<\/p>\r\n<p>Bereits 1988 begann Rupert Traw\u00f6ger mit dem Aufbau des Exportgesch\u00e4ftes nach Gro\u00dfbritannien und Irland, das bis heute eine besondere St\u00e4rke des Unternehmens ist.<\/p>\r\n<p>Nach der weltweiten Wirtschaftskrise 2008 gelang es dem Unternehmen erfolgreich den wieder schnell wachsenden Transportbedarf zu erf\u00fcllen und ist durch die Schw\u00e4che anderer Mitbewerber mehr als der Markt gewachsen. Diese Stellung gilt es zu verteidigen, wenn nicht auszubauen.<\/p>\r\n<p>Die st\u00e4ndige Expansion erforderte eine neue, den komplexen logistischen Anforderungen entsprechende Unternehmenszentrale, diese haben wir im August 2017 bezogen und sind von Vorchdorf nach Ried im Traunkreis \u00fcbersiedelt. Neben dem B\u00fcrokomplex umfasst unsere Zentrale, Umschlag-Lagerfl\u00e4chen f\u00fcr die verschiedensten Kundenanforderungen.<br \/>\r\nUnsere firmeneigene Werkstatt gew\u00e4hrleistet die regelm\u00e4\u00dfige Wartung und Pflege der gesamten Flotte, denn eine zuverl\u00e4ssige Auftragsbearbeitung erfordert auch eine hohe Verkehrssicherheit aller Fahrzeuge. Unsere Fachkr\u00e4fte erm\u00f6glichen die rasche und flexible Abwicklung von Reparaturen, Service und Wartungsarbeiten.<br \/>\r\nUnsere Werkstatt bietet f\u00fcr uns einen One-Stop-Shop. Die hoch spezialisierte Werkstatt mit einem sehr umfangreichen Ersatzteillager, legt besonderen Wert auf hohe Qualit\u00e4t der Ersatzteile und sorgt f\u00fcr rasche Verf\u00fcgbarkeit und flexibles Arbeiten.<br \/>\r\nWeiters findet sich auf unserem Betriebsgel\u00e4nde eine LKW Waschanlage und Tankstelle.<\/p>\r\n<\/div>\r\n<\/div>\r\n<\/div>\r\n<\/div>\r\n<\/div>","protected":false},"excerpt":{"rendered":"Erfolgreich seit 1974. \u00a0 \u00a0 Urspr\u00fcnglich als Franz Spielvogel GmbH in Wels mit Fokus auf Schwer- und Sondertransporte in den Nahen Osten gegr\u00fcndet, \u00fcbernahm der jetzige Eigent\u00fcmer bis 1994 schrittweise alle Firmenanteile und benannte die Firma um in Traw\u00f6ger Transport Gesellschaft m.b.H. Bereits 1988 begann Rupert Traw\u00f6ger mit dem Aufbau des Exportgesch\u00e4ftes nach Gro\u00dfbritannien und [&hellip;]","protected":false},"author":1,"featured_media":0,"parent":0,"menu_order":0,"comment_status":"closed","ping_status":"closed","template":"","meta":{"_acf_changed":false,"footnotes":""},"class_list":["post-1315","page","type-page","status-publish","hentry"],"acf":[],"_links":{"self":[{"href":"https:\/\/trawoeger.net\/hu\/wp-json\/wp\/v2\/pages\/1315","targetHints":{"allow":["GET"]}}],"collection":[{"href":"https:\/\/trawoeger.net\/hu\/wp-json\/wp\/v2\/pages"}],"about":[{"href":"https:\/\/trawoeger.net\/hu\/wp-json\/wp\/v2\/types\/page"}],"author":[{"embeddable":true,"href":"https:\/\/trawoeger.net\/hu\/wp-json\/wp\/v2\/users\/1"}],"replies":[{"embeddable":true,"href":"https:\/\/trawoeger.net\/hu\/wp-json\/wp\/v2\/comments?post=1315"}],"version-history":[{"count":3,"href":"https:\/\/trawoeger.net\/hu\/wp-json\/wp\/v2\/pages\/1315\/revisions"}],"predecessor-version":[{"id":1559,"href":"https:\/\/trawoeger.net\/hu\/wp-json\/wp\/v2\/pages\/1315\/revisions\/1559"}],"wp:attachment":[{"href":"https:\/\/trawoeger.net\/hu\/wp-json\/wp\/v2\/media?parent=1315"}],"curies":[{"name":"wp","href":"https:\/\/api.w.org\/{rel}","templated":true}]}}