{"id":1474,"date":"2018-08-22T06:24:26","date_gmt":"2018-08-22T06:24:26","guid":{"rendered":"http:\/\/trawoeger.net\/downloads\/"},"modified":"2020-10-29T09:07:00","modified_gmt":"2020-10-29T09:07:00","slug":"downloads","status":"publish","type":"page","link":"https:\/\/trawoeger.net\/sk\/downloads\/","title":{"rendered":"Downloads"},"content":{"rendered":"<div class=\"header-img small-img\" style=\"background-image: url('\/wp-content\/themes\/trawoeger\/images\/content\/Leistungen\/Downloads\/downloads_header_2000px.jpg');\"><img decoding=\"async\" src=\"\/wp-content\/themes\/trawoeger\/images\/content\/Leistungen\/Downloads\/downloads_header_2000px.jpg\" alt=\"TRAW\u00d6GER TRANSPORT GMBH\" \/><\/div>\r\n<div class=\"box-width\">\r\n<div class=\"three-box-part unternehmen downloads\">\r\n<div class=\"container\">\r\n<div class=\"row row-eq-height\">\r\n<div class=\"col-md-6 outer-box\">\r\n<div class=\"col-md-6 in-box redbg animated-color-bg\">\r\n<h2 class=\"wow fadeInLeft\" data-wow-delay=\"0.5s\" data-wow-duration=\"0.5s\">Zuverl\u00e4ssigkeit braucht klare Regeln.<\/h2>\r\n<\/div>\r\n<div class=\"col-md-6 in-box imgbg1\">\u00a0<\/div>\r\n<\/div>\r\n<div class=\"col-md-6 outer-box textpart \">\r\n<p>Hier sind die wichtigsten Dokumente und Zertifikate zu finden, nach denen wir bei Traw\u00f6ger arbeiten.<\/p>\r\n<div class=\"link-d\"><a href=\"https:\/\/www.wko.at\/branchen\/w\/transport-verkehr\/transporteure\/Allgemeine-Geschaeftsbedingungen-Transporteure-AGT.pdf\" target=\"_blank\" rel=\"noopener noreferrer\"><br \/>\r\nAGT<br \/>\r\nAllgemeine Gesch\u00e4ftsbedingungen f\u00fcr Transporteure \u00bb<br \/>\r\n<\/a><\/div>\r\n<div class=\"link-d\"><a href=\"https:\/\/www.wko.at\/branchen\/transport-verkehr\/spedition-logistik\/Allgemeine_Oesterreichische_Spediteurbedingungen_(AOeSp).html\" target=\"_blank\" rel=\"noopener noreferrer\"><br \/>\r\nA\u00d6Sp<br \/>\r\nAllgemeine \u00d6sterreichische Spediteurbedingungen \u00bb<br \/>\r\n<\/a><\/div>\r\n<div class=\"link-d\"><a href=\"https:\/\/www.wko.at\/branchen\/transport-verkehr\/spedition-logistik\/Uebereinkommen_ueber_den_Befoerderungsvertrag.pdf\" target=\"_blank\" rel=\"noopener noreferrer\"><br \/>\r\nCMR-Bedingungen<br \/>\r\n\u00dcbereinkommen \u00fcber den Bef\u00f6rderungsvertrag im<br \/>\r\ninternationalen Stra\u00dfeng\u00fcterverkehr (CMR) \u00bb<br \/>\r\n<\/a><\/div>\r\n<div class=\"link-d\"><a href=\"https:\/\/www.clocs.org.uk\/\" target=\"_blank\" rel=\"noopener noreferrer\"><br \/>\r\nCLOCS<br \/>\r\nConstruction Logistics and Community Safety \u00bb<br \/>\r\n<\/a><\/div>\r\n<p><!--\r\n\r\n\r\n\r\n\r\n\r\n\r\n\r\n\r\n\r\n\r\n\r\n\r\n\r\n\r\n\r\n\r\n\r\n\r\n\r\n\r\n\r\n\r\n<div class=\"link-d\"><a href=\"#\"><br \/>\r\n<span>DEKRA<\/span><br \/>\r\nDEKRA Certification \u00bb<br \/>\r\n<\/a><\/div>\r\n\r\n\r\n\r\n\r\n\r\n\r\n\r\n\r\n\r\n\r\n\r\n\r\n\r\n\r\n\r\n\r\n\r\n\r\n\r\n\r\n\r\n\r\n--><\/p>\r\n<div class=\"link-d\"><a href=\"https:\/\/www.fors-online.org.uk\/cms\/\" target=\"_blank\" rel=\"noopener noreferrer\"><br \/>\r\nFORS<br \/>\r\nFleet Operator Recognition Scheme \u00bb<br \/>\r\n<\/a><\/div>\r\n<\/div>\r\n<\/div>\r\n<\/div>\r\n<\/div>\r\n<\/div>","protected":false},"excerpt":{"rendered":"Zuverl\u00e4ssigkeit braucht klare Regeln. \u00a0 Hier sind die wichtigsten Dokumente und Zertifikate zu finden, nach denen wir bei Traw\u00f6ger arbeiten. AGT Allgemeine Gesch\u00e4ftsbedingungen f\u00fcr Transporteure \u00bb A\u00d6Sp Allgemeine \u00d6sterreichische Spediteurbedingungen \u00bb CMR-Bedingungen \u00dcbereinkommen \u00fcber den Bef\u00f6rderungsvertrag im internationalen Stra\u00dfeng\u00fcterverkehr (CMR) \u00bb CLOCS Construction Logistics and Community Safety \u00bb FORS Fleet Operator Recognition Scheme \u00bb","protected":false},"author":1,"featured_media":0,"parent":0,"menu_order":0,"comment_status":"closed","ping_status":"closed","template":"","meta":{"_acf_changed":false,"footnotes":""},"class_list":["post-1474","page","type-page","status-publish","hentry"],"acf":[],"_links":{"self":[{"href":"https:\/\/trawoeger.net\/sk\/wp-json\/wp\/v2\/pages\/1474","targetHints":{"allow":["GET"]}}],"collection":[{"href":"https:\/\/trawoeger.net\/sk\/wp-json\/wp\/v2\/pages"}],"about":[{"href":"https:\/\/trawoeger.net\/sk\/wp-json\/wp\/v2\/types\/page"}],"author":[{"embeddable":true,"href":"https:\/\/trawoeger.net\/sk\/wp-json\/wp\/v2\/users\/1"}],"replies":[{"embeddable":true,"href":"https:\/\/trawoeger.net\/sk\/wp-json\/wp\/v2\/comments?post=1474"}],"version-history":[{"count":1,"href":"https:\/\/trawoeger.net\/sk\/wp-json\/wp\/v2\/pages\/1474\/revisions"}],"predecessor-version":[{"id":1475,"href":"https:\/\/trawoeger.net\/sk\/wp-json\/wp\/v2\/pages\/1474\/revisions\/1475"}],"wp:attachment":[{"href":"https:\/\/trawoeger.net\/sk\/wp-json\/wp\/v2\/media?parent=1474"}],"curies":[{"name":"wp","href":"https:\/\/api.w.org\/{rel}","templated":true}]}}